{"id":29704,"date":"2023-09-13T13:03:22","date_gmt":"2023-09-13T11:03:22","guid":{"rendered":"https:\/\/he6ryawkzg.preview.infomaniak.website\/parco-macchine\/"},"modified":"2023-10-17T16:52:42","modified_gmt":"2023-10-17T14:52:42","slug":"maschinenpark","status":"publish","type":"page","link":"https:\/\/linofantin.it\/de\/maschinenpark\/","title":{"rendered":"Maschinenpark"},"content":{"rendered":"<section class=\"wpb-content-wrapper\"><p>[vc_row el_class=&#8221;copertina prima&#8221;][vc_column width=&#8221;1\/3&#8243;][vc_column_text el_class=&#8221;testo-pagina first&#8221;]<\/p>\n<h3>Maschinenpark<\/h3>\n<p><a href=\"http:\/\/www.linofantin.it\/de\">Home<\/a> \/ Maschinenpark[\/vc_column_text][\/vc_column][vc_column width=&#8221;2\/3&#8243; css=&#8221;.vc_custom_1694602919925{background-position: center !important;background-repeat: no-repeat !important;background-size: cover !important;}&#8221;][\/vc_column][\/vc_row][vc_row el_class=&#8221;copertina&#8221;][vc_column width=&#8221;1\/2&#8243;][vc_column_text el_class=&#8221;testo-pagina first&#8221;]<\/p>\n<h1>Unser Maschinenpark<\/h1>\n<p><strong>Maschinen mit modernster Technik f\u00fcr feinmechanische Bearbeitung<\/strong>[\/vc_column_text][\/vc_column][vc_column width=&#8221;1\/2&#8243; css=&#8221;.vc_custom_1694602919925{background-position: center !important;background-repeat: no-repeat !important;background-size: cover !important;}&#8221;][vc_column_text el_class=&#8221;testo-pagina first&#8221;]<\/p>\n<p style=\"text-align: right;\"><a class=\"prev\" href=\"#colophon\">Fordern Sie einen Voranschlag an<\/a><\/p>\n<p>[\/vc_column_text][\/vc_column][\/vc_row][vc_row el_class=&#8221;row-pagina max img first&#8221;][vc_column width=&#8221;1\/2&#8243; el_class=&#8221;padding-0&#8243;][vc_single_image image=&#8221;29218&#8243; img_size=&#8221;full&#8221;][\/vc_column][vc_column width=&#8221;1\/2&#8243;][vc_column_text]<strong>Horizontales Bearbeitungszentrum YASDA YBM-800N ISO 50<\/strong><\/p>\n<ul>\n<li>X-L\u00e4ngshub 1100 mm<\/li>\n<li>Y-Vertikalhub 900 mm<\/li>\n<li>Z-Querhub 1100 mm<\/li>\n<li>B-Achse 360 Positionen<\/li>\n<li>Frontkarussell mit 4 Paletten 800x 800 mm<\/li>\n<li>Werkzeuglagerraum 120 Pl\u00e4tze<\/li>\n<li>FANUC 160i Steuerung<\/li>\n<li>Maschine in einer klimatisierten Umgebung installiert<\/li>\n<\/ul>\n<p>[\/vc_column_text][\/vc_column][\/vc_row][vc_row el_class=&#8221;row-pagina max img&#8221;][vc_column width=&#8221;1\/2&#8243; el_class=&#8221;padding-0&#8243;][vc_single_image image=&#8221;29612&#8243; img_size=&#8221;full&#8221;][\/vc_column][vc_column width=&#8221;1\/2&#8243;][vc_column_text]<strong>Horizontales Bearbeitungszentrum OKUMA MB 8000 H<\/strong><\/p>\n<ul>\n<li>X-L\u00e4ngshub 1300 mm<\/li>\n<li>Y-Vertikalhub 1100 mm<\/li>\n<li>Z-Querhub 1250 mm<\/li>\n<li>B-Achse 360 Positionen<\/li>\n<li>Frontkarussell mit 6 Paletten 800 x 800 mm<\/li>\n<li>Werkzeuglagerraum mit 171 Pl\u00e4tzen<\/li>\n<li>OKUMA OSP P300MA Steuerung<\/li>\n<\/ul>\n<p>[\/vc_column_text][\/vc_column][\/vc_row][vc_row el_class=&#8221;row-pagina max&#8221;][vc_column width=&#8221;1\/2&#8243;][vc_column_text]<strong>Horizontales Bearbeitungszentrum OKUMA MC 600 H ISO 50<\/strong><\/p>\n<ul>\n<li>X-L\u00e4ngshub 1000 mm<\/li>\n<li>Vertikalhub Y 800 mm<\/li>\n<li>Z-Querhub 800 mm<\/li>\n<li>Achse B 360 Positionen<\/li>\n<li>Frontkarussell mit 6 Paletten 630 x 630 mm<\/li>\n<li>Werkzeuglagerraum mit 120 Pl\u00e4tzen<\/li>\n<li>OKUMA OSP 7000M Steuerung<\/li>\n<\/ul>\n<p>[\/vc_column_text][\/vc_column][vc_column width=&#8221;1\/2&#8243;][vc_column_text]<strong>Horizontales Bearbeitungszentrum OKUMA MA 600 H II ISO 50<\/strong><\/p>\n<ul>\n<li>X-L\u00e4ngshub 1000 mm<\/li>\n<li>Y-Vertikalhub 900 mm<\/li>\n<li>Z-Querhub 1000 mm<\/li>\n<li>Achse B 360 Positionen<\/li>\n<li>doppelvorderer Palettentransfer 630 x 630 mm<\/li>\n<li>Werkzeuglagerraum 60 Pl\u00e4tze<\/li>\n<li>OKUMA OSP P300M Steuerung<\/li>\n<\/ul>\n<p>[\/vc_column_text][\/vc_column][\/vc_row][vc_row el_class=&#8221;row-pagina max&#8221;][vc_column width=&#8221;1\/2&#8243;][vc_column_text]<strong>Vertikales Bearbeitungszentrum SIGMA VC 1000 P ISO 40<\/strong><\/p>\n<ul>\n<li>X-L\u00e4ngshub 1000 mm<\/li>\n<li>Y-Vertikalhub 500 mm<\/li>\n<li>Z-Querhub 520 mm<\/li>\n<li>doppelseitiger Palettentransfer 1000 x 500 mm<\/li>\n<li>Werkzeuglagerraum mit 30 Pl\u00e4tzen<\/li>\n<li>FANUC OMC Steuerung<\/li>\n<\/ul>\n<p>[\/vc_column_text][\/vc_column][vc_column width=&#8221;1\/2&#8243;][\/vc_column][\/vc_row][vc_row el_class=&#8221;row-pagina max img first&#8221;][vc_column width=&#8221;1\/2&#8243; el_class=&#8221;padding-0&#8243;][vc_single_image image=&#8221;29216&#8243; img_size=&#8221;full&#8221;][\/vc_column][vc_column width=&#8221;1\/2&#8243;][vc_column_text]<strong>Multi-Task OKUMA MAC-TURN 50<\/strong><\/p>\n<ul>\n<li>Drehen- u. Fr\u00e4szentrum mit 5 Achsen<\/li>\n<li>maximaler X-Drehdurchmesser 580 mm<\/li>\n<li>maximale Z-Drehl\u00e4nge 1500 mm<\/li>\n<li>Y-Querhub 230 mm<\/li>\n<li>Winkelposition des Kopfes B 360 Positionen<\/li>\n<li>L\u00fcnette Kapazit\u00e4t Durchm. 35-240 mm<\/li>\n<li>Reitstockspitze im Zyklus<\/li>\n<li>Werkzeuglagerraum mit 50 Pl\u00e4tzen<\/li>\n<li>OKUMA OSP U100 Steuerung<\/li>\n<\/ul>\n<p>[\/vc_column_text][\/vc_column][\/vc_row][vc_row el_class=&#8221;row-pagina max&#8221;][vc_column width=&#8221;1\/2&#8243;][vc_column_text]<strong>Drehmaschine CNC MORI SEIKI SL303<\/strong><\/p>\n<ul>\n<li>maximaler X-Drehdurchmesser 480 mm<\/li>\n<li>maximale Z-Drehl\u00e4nge 1600 mm<\/li>\n<li>motorisierte Werkzeuge<\/li>\n<li>L\u00fcnette Kapazit\u00e4t Durchm. 20-210 mm<\/li>\n<li>Reitstockspitze im Zyklus<\/li>\n<li>MORI SEIKI MSG 501 Steuerung<\/li>\n<\/ul>\n<p>[\/vc_column_text][\/vc_column][vc_column width=&#8221;1\/2&#8243;][vc_column_text]<strong>Drehmaschine CNC GALAXY NS<\/strong><\/p>\n<ul>\n<li>maximaler X-Drehdurchmesser 220 mm<\/li>\n<li>maximale Z-Drehl\u00e4nge 1000 mm<\/li>\n<li>OSAI 8600T Steuerung<\/li>\n<\/ul>\n<p>[\/vc_column_text][\/vc_column][\/vc_row][vc_row el_class=&#8221;row-pagina max&#8221;][vc_column width=&#8221;1\/2&#8243;][vc_column_text]<strong>OMG 320 Paralleldrehmaschine<\/strong><\/p>\n<ul>\n<li>maximaler Drehdurchmesser 700 mm<\/li>\n<li>maximale Drehl\u00e4nge 3000 mm<\/li>\n<\/ul>\n<p>[\/vc_column_text][\/vc_column][vc_column width=&#8221;1\/2&#8243;][vc_column_text]<strong>RIBON 1500 Au\u00dfenschleifen<\/strong><\/p>\n<ul>\n<li>maximale L\u00e4nge 1500 mm<\/li>\n<\/ul>\n<p>[\/vc_column_text][\/vc_column][\/vc_row][vc_row el_class=&#8221;row-pagina max&#8221;][vc_column width=&#8221;1\/2&#8243;][vc_column_text]<strong>INVEMA Radialbohrer<\/strong><\/p>\n<ul>\n<li>Morsekegel Nr. 4<\/li>\n<li>maximale Reichweite 1300 mm<\/li>\n<li>Bohrungsdurchmesser 50 mm<\/li>\n<\/ul>\n<p>[\/vc_column_text][\/vc_column][vc_column width=&#8221;1\/2&#8243;][\/vc_column][\/vc_row][vc_row el_class=&#8221;row-pagina max img first&#8221;][vc_column width=&#8221;1\/2&#8243; el_class=&#8221;padding-0&#8243;][vc_single_image image=&#8221;29219&#8243; img_size=&#8221;full&#8221;][\/vc_column][vc_column width=&#8221;1\/2&#8243;][vc_column_text]<strong>ZEISS Prismo Navigator VAST gold Dreidimensionale Messmaschine <\/strong><\/p>\n<ul>\n<li style=\"list-style-type: none;\">\n<ul>\n<li>X-Achshub 900 mm<\/li>\n<li>Y-Achshub 1500 mm<\/li>\n<li>Z-Achshub 650 mm<\/li>\n<\/ul>\n<\/li>\n<\/ul>\n<p>&nbsp;<\/p>\n<ul>\n<li>F\u00fchlerlagerraum mit 5 Pl\u00e4tzen<\/li>\n<li>Maschine in einem klimatisierten Messraum installiert<\/li>\n<\/ul>\n<p>&nbsp;<\/p>\n<p>[\/vc_column_text][\/vc_column][\/vc_row][vc_row el_class=&#8221;row-pagina max&#8221;][vc_column width=&#8221;1\/2&#8243;][vc_column_text]<strong>ZEISS Prismo 7 dreidimensionale CNC-Messmaschine <\/strong><\/p>\n<ul>\n<li>X-Achshub 900 mm<\/li>\n<li>Y-Achshub 1200 mm<\/li>\n<li>Z-Achshub 700 mm<\/li>\n<li>Pr\u00e4zision im Raum (U3) +\/- 3.2 Mikron +L\/250<\/li>\n<li>F\u00fchlerlagerraum mit 5 Pl\u00e4tzen<\/li>\n<li>Maschine in einem klimatisierten Messraum installiert<\/li>\n<\/ul>\n<p>[\/vc_column_text][\/vc_column][vc_column width=&#8221;1\/2&#8243;][\/vc_column][\/vc_row][vc_row el_class=&#8221;row-pagina max img first&#8221;][vc_column width=&#8221;1\/2&#8243; el_class=&#8221;padding-0&#8243;][vc_single_image image=&#8221;29214&#8243; img_size=&#8221;full&#8221;][\/vc_column][vc_column width=&#8221;1\/2&#8243;][vc_column_text]<strong>MAHR Digimar 817CLM digitaler H\u00f6henmesser<\/strong><\/p>\n<ul>\n<li>H = 700 mm.<\/li>\n<li>Granitoberfl\u00e4che 1200 x 800 mm. (Pr\u00e4zisionsstufe 00)<\/li>\n<\/ul>\n<p>[\/vc_column_text][\/vc_column][\/vc_row][vc_row el_class=&#8221;row-pagina max&#8221;][vc_column width=&#8221;1\/2&#8243;][vc_column_text]<strong>WOLPERT H\u00e4rtemesser<\/strong><\/p>\n<ul>\n<li>f\u00fcr H\u00e4rtepr\u00fcfung nach Brinnel, Rochwell u. Vickers<\/li>\n<\/ul>\n<p>[\/vc_column_text][\/vc_column][\/vc_row][vc_row el_class=&#8221;row-pagina max img first&#8221;][vc_column width=&#8221;1\/2&#8243; el_class=&#8221;padding-0&#8243;][vc_single_image image=&#8221;29217&#8243; img_size=&#8221;full&#8221;][\/vc_column][vc_column width=&#8221;1\/2&#8243;][vc_column_text]<strong>SPERONI STP FUTURA Voreinstellung <\/strong><\/p>\n<ul>\n<li>Voreinstellung u. Messungssystem<\/li>\n<\/ul>\n<p>[\/vc_column_text][\/vc_column][\/vc_row][vc_row el_class=&#8221;row-pagina max&#8221;][vc_column width=&#8221;1\/2&#8243; el_class=&#8221;padding-0&#8243;][vc_column_text]<strong>Zwei MASTERCAM 2023CAD\/CAM-Arbeitspl\u00e4tze<\/strong>[\/vc_column_text][vc_column_text]<strong>Nr. 1 Sto\u00dfmaschine<\/strong>[\/vc_column_text][vc_column_text]<strong>Nr. 2 Kontinuierliche Draht \/ Elektroden-Schwei\u00dfmaschinen<\/strong>[\/vc_column_text][\/vc_column][vc_column width=&#8221;1\/2&#8243;][vc_column_text]<strong>Nr. 1 CEMB dynamische Auswuchtmaschine<\/strong>[\/vc_column_text][vc_column_text]<strong>N\u00b0 1 KASTO automatische B\u00fcgels\u00e4ge (Durchm. 260)<\/strong>[\/vc_column_text][vc_column_text]<strong>Hebezeuge<\/strong><\/p>\n<ul>\n<li>Laufkran 5 Tonnen<\/li>\n<li>Gabelstapler 15 Doppelzentner<\/li>\n<\/ul>\n<p>[\/vc_column_text][\/vc_column][\/vc_row]<\/p>\n<\/section>","protected":false},"excerpt":{"rendered":"<p>[vc_row el_class=&#8221;copertina prima&#8221;][vc_column width=&#8221;1\/3&#8243;][vc_column_text el_class=&#8221;testo-pagina first&#8221;] Maschinenpark Home \/ Maschinenpark[\/vc_column_text][\/vc_column][vc_column width=&#8221;2\/3&#8243; css=&#8221;.vc_custom_1694602919925{background-position: center !important;background-repeat: no-repeat !important;background-size: cover !important;}&#8221;][\/vc_column][\/vc_row][vc_row el_class=&#8221;copertina&#8221;][vc_column width=&#8221;1\/2&#8243;][vc_column_text el_class=&#8221;testo-pagina first&#8221;] Unser Maschinenpark Maschinen mit modernster Technik f\u00fcr feinmechanische Bearbeitung[\/vc_column_text][\/vc_column][vc_column width=&#8221;1\/2&#8243; css=&#8221;.vc_custom_1694602919925{background-position: center !important;background-repeat: no-repeat !important;background-size: cover !important;}&#8221;][vc_column_text el_class=&#8221;testo-pagina first&#8221;] Fordern Sie einen Voranschlag an [\/vc_column_text][\/vc_column][\/vc_row][vc_row el_class=&#8221;row-pagina max img first&#8221;][vc_column width=&#8221;1\/2&#8243; el_class=&#8221;padding-0&#8243;][vc_single_image image=&#8221;29218&#8243; img_size=&#8221;full&#8221;][\/vc_column][vc_column [&hellip;]<\/p>\n","protected":false},"author":1,"featured_media":0,"parent":0,"menu_order":0,"comment_status":"closed","ping_status":"closed","template":"","meta":{"_acf_changed":false,"om_disable_all_campaigns":false,"inline_featured_image":false,"_monsterinsights_skip_tracking":false,"_monsterinsights_sitenote_active":false,"_monsterinsights_sitenote_note":"","_monsterinsights_sitenote_category":0,"_uf_show_specific_survey":0,"_uf_disable_surveys":false,"footnotes":""},"class_list":["post-29704","page","type-page","status-publish","hentry"],"acf":[],"aioseo_notices":[],"_links":{"self":[{"href":"https:\/\/linofantin.it\/de\/wp-json\/wp\/v2\/pages\/29704","targetHints":{"allow":["GET"]}}],"collection":[{"href":"https:\/\/linofantin.it\/de\/wp-json\/wp\/v2\/pages"}],"about":[{"href":"https:\/\/linofantin.it\/de\/wp-json\/wp\/v2\/types\/page"}],"author":[{"embeddable":true,"href":"https:\/\/linofantin.it\/de\/wp-json\/wp\/v2\/users\/1"}],"replies":[{"embeddable":true,"href":"https:\/\/linofantin.it\/de\/wp-json\/wp\/v2\/comments?post=29704"}],"version-history":[{"count":3,"href":"https:\/\/linofantin.it\/de\/wp-json\/wp\/v2\/pages\/29704\/revisions"}],"predecessor-version":[{"id":29769,"href":"https:\/\/linofantin.it\/de\/wp-json\/wp\/v2\/pages\/29704\/revisions\/29769"}],"wp:attachment":[{"href":"https:\/\/linofantin.it\/de\/wp-json\/wp\/v2\/media?parent=29704"}],"curies":[{"name":"wp","href":"https:\/\/api.w.org\/{rel}","templated":true}]}}