{"id":29692,"date":"2022-12-14T16:37:20","date_gmt":"2022-12-14T15:37:20","guid":{"rendered":"https:\/\/he6ryawkzg.preview.infomaniak.website\/qualita\/"},"modified":"2023-10-12T11:13:21","modified_gmt":"2023-10-12T09:13:21","slug":"qualitat","status":"publish","type":"page","link":"https:\/\/linofantin.it\/de\/qualitat\/","title":{"rendered":"Qualit\u00e4t"},"content":{"rendered":"<section class=\"wpb-content-wrapper\"><p>[vc_row el_class=&#8221;copertina prima&#8221;][vc_column width=&#8221;1\/3&#8243;][vc_column_text el_class=&#8221;testo-pagina first&#8221;]<\/p>\n<h3>Qualit\u00e4t<\/h3>\n<p><a href=\"http:\/\/www.linofantin.it\/de\">Home<\/a> \/ Qualit\u00e4t[\/vc_column_text][\/vc_column][vc_column width=&#8221;2\/3&#8243; css=&#8221;.vc_custom_1694602919925{background-position: center !important;background-repeat: no-repeat !important;background-size: cover !important;}&#8221;][\/vc_column][\/vc_row][vc_row el_class=&#8221;copertina&#8221;][vc_column width=&#8221;1\/2&#8243;][vc_column_text el_class=&#8221;testo-pagina&#8221;]<\/p>\n<h1>Zertifizierungen und Produktionsqualit\u00e4t<\/h1>\n<h3><strong>Wir sind ein zuverl\u00e4ssiger Partner mit bew\u00e4hrten Garantien<\/strong><\/h3>\n<p>Wenn Sie sich f\u00fcr uns als Unternehmen f\u00fcr feinmechanische Bearbeitungen entscheiden, vertrauen Sie auf einen zertifizierten Partner, der nach hohen Produktionsstandards arbeitet.[\/vc_column_text][\/vc_column][vc_column width=&#8221;1\/2&#8243; css=&#8221;.vc_custom_1694602919925{background-position: center !important;background-repeat: no-repeat !important;background-size: cover !important;}&#8221;][vc_column_text el_class=&#8221;testo-pagina first&#8221;]<\/p>\n<p style=\"text-align: right;\"><a class=\"prev\" href=\"#colophon\">Fordern Sie einen Voranschlag an<\/a><\/p>\n<p>[\/vc_column_text][\/vc_column][\/vc_row][vc_row el_class=&#8221;row-pagina max&#8221;][vc_column][vc_column_text]Wir bieten nicht nur ein Qualit\u00e4tsprodukt, sondern glauben auch, dass eine Partnerschaft auf einem organisierten vertikalen Produktionsprozess basieren sollte, der in den spezifischen Designphasen beginnt und mit dem Zuh\u00f6ren des Kunden verbunden ist.<\/p>\n<p>Da wir im Bereich der mechanischen Bearbeitungen auf Rechnung Dritter t\u00e4tig sind, achten wir seit jeher gro\u00dfen Wert auf die Qualit\u00e4t unserer Produkte, sodass wir diese zu einer Unternehmensphilosophie gemacht haben, die es uns erm\u00f6glicht hat, den Respekt und das Vertrauen unserer Kunden zu gewinnen.[\/vc_column_text][\/vc_column][\/vc_row][vc_row el_class=&#8221;row-pagina max-width&#8221;][vc_column width=&#8221;1\/2&#8243;][vc_single_image image=&#8221;29223&#8243; img_size=&#8221;full&#8221;][\/vc_column][vc_column width=&#8221;1\/2&#8243;][vc_column_text el_class=&#8221;testo-molto&#8221;]Seit langem haben wir den Qualit\u00e4tsbegriff erweitert und ihn von der Qualit\u00e4t, die als \u201eendg\u00fcltige \u00dcbereinstimmung des Produkts mit den Kundenspezifikationen\u201c verstanden wird, zum umfassenderen Begriff der Gesamtqualit\u00e4t ausgeweitet, der das Unternehmen in allen seinen Funktionen \u00fcbergreifend einbezieht.<\/p>\n<p>F\u00fcr die Pr\u00fcfung des angenommenen Materials verf\u00fcgen wir \u00fcber zerst\u00f6rungsfreie Pr\u00fcfger\u00e4te. F\u00fcr die Ma\u00dfpr\u00fcfung verf\u00fcgen wir \u00fcber einen Messraum mit kontrollierter Temperatur und Luftfeuchtigkeit, in dem wir neben der Pr\u00fcfung der Teile auch regelm\u00e4\u00dfige Eichungen unserer Mess- und Pr\u00fcfger\u00e4te durchf\u00fchren.[\/vc_column_text][\/vc_column][\/vc_row][vc_row el_class=&#8221;row-pagina max-width&#8221; css=&#8221;.vc_custom_1694609634843{margin-top: 100px !important;}&#8221;][vc_column][vc_raw_html]JTNDdmlkZW8lMjBwbGF5c2lubGluZSUyMG11dGVkJTIwbG9vcCUyMGF1dG9wbGF5JTNFJTBBJTNDc291cmNlJTIwc3JjJTNEJTIyJTJGd3AtY29udGVudCUyRnVwbG9hZHMlMkYyMDIzJTJGMDklMkZjb250cm9sbG8tcXVhbGl0YS12aWRlby5tcDQlMjIlMjB0eXBlJTNEJTIydmlkZW8lMkZtcDQlMjIlM0UlMEElM0MlMkZ2aWRlbyUzRQ==[\/vc_raw_html][\/vc_column][\/vc_row][vc_row el_class=&#8221;row-pagina max margin&#8221;][vc_column][vc_column_text el_class=&#8221;testo-pagina&#8221;]<\/p>\n<h3>Messraum<\/h3>\n<p>F\u00fcr Ma\u00dfpr\u00fcfungen verf\u00fcgen wir \u00fcber einen temperatur- und feuchtigkeitskontrollierten Messraum, der mit \u00e4u\u00dferst pr\u00e4zisen dreidimensionalen Messmaschinen ausgestattet ist.<\/p>\n<p>Unser Messraum nutzt Koordinatenmessger\u00e4te, eine hochmoderne Wahl in unserer Branche, die st\u00e4ndig gewartet und mit neuen Technologien und Software aktualisiert wird. Techniker, die an der Ma\u00dfkontrolle mechanischer Teile arbeiten, verwenden 3D-Modelle, um automatische Messprogramme zu erstellen, die es ihnen erm\u00f6glichen, Messprozesse einfach zu simulieren und Messungen schnell mit dem CAD-Modell zu vergleichen.<\/p>\n<p>W\u00e4hrend der Zwischenbearbeitungsphasen werden die mechanischen Teile dreidimensionalen Kontrollen unterzogen, um die Einhaltung der Toleranzen zu \u00fcberpr\u00fcfen. Die Endkontrolle wird immer durchgef\u00fchrt und die zahlreichen Berichte des Testzertifikats alle festgestellten Messungen oder diejenigen des Testplans des Kunden hervorheben.[\/vc_column_text][\/vc_column][\/vc_row]<\/p>\n<\/section>","protected":false},"excerpt":{"rendered":"<p>[vc_row el_class=&#8221;copertina prima&#8221;][vc_column width=&#8221;1\/3&#8243;][vc_column_text el_class=&#8221;testo-pagina first&#8221;] Qualit\u00e4t Home \/ Qualit\u00e4t[\/vc_column_text][\/vc_column][vc_column width=&#8221;2\/3&#8243; css=&#8221;.vc_custom_1694602919925{background-position: center !important;background-repeat: no-repeat !important;background-size: cover !important;}&#8221;][\/vc_column][\/vc_row][vc_row el_class=&#8221;copertina&#8221;][vc_column width=&#8221;1\/2&#8243;][vc_column_text el_class=&#8221;testo-pagina&#8221;] Zertifizierungen und Produktionsqualit\u00e4t Wir sind ein zuverl\u00e4ssiger Partner mit bew\u00e4hrten Garantien Wenn Sie sich f\u00fcr uns als Unternehmen f\u00fcr feinmechanische Bearbeitungen entscheiden, vertrauen Sie auf einen zertifizierten Partner, der nach hohen Produktionsstandards arbeitet.[\/vc_column_text][\/vc_column][vc_column width=&#8221;1\/2&#8243; [&hellip;]<\/p>\n","protected":false},"author":1,"featured_media":0,"parent":0,"menu_order":0,"comment_status":"closed","ping_status":"closed","template":"","meta":{"_acf_changed":false,"om_disable_all_campaigns":false,"inline_featured_image":false,"_monsterinsights_skip_tracking":false,"_monsterinsights_sitenote_active":false,"_monsterinsights_sitenote_note":"","_monsterinsights_sitenote_category":0,"_uf_show_specific_survey":0,"_uf_disable_surveys":false,"footnotes":""},"class_list":["post-29692","page","type-page","status-publish","hentry"],"acf":[],"aioseo_notices":[],"_links":{"self":[{"href":"https:\/\/linofantin.it\/de\/wp-json\/wp\/v2\/pages\/29692","targetHints":{"allow":["GET"]}}],"collection":[{"href":"https:\/\/linofantin.it\/de\/wp-json\/wp\/v2\/pages"}],"about":[{"href":"https:\/\/linofantin.it\/de\/wp-json\/wp\/v2\/types\/page"}],"author":[{"embeddable":true,"href":"https:\/\/linofantin.it\/de\/wp-json\/wp\/v2\/users\/1"}],"replies":[{"embeddable":true,"href":"https:\/\/linofantin.it\/de\/wp-json\/wp\/v2\/comments?post=29692"}],"version-history":[{"count":2,"href":"https:\/\/linofantin.it\/de\/wp-json\/wp\/v2\/pages\/29692\/revisions"}],"predecessor-version":[{"id":29694,"href":"https:\/\/linofantin.it\/de\/wp-json\/wp\/v2\/pages\/29692\/revisions\/29694"}],"wp:attachment":[{"href":"https:\/\/linofantin.it\/de\/wp-json\/wp\/v2\/media?parent=29692"}],"curies":[{"name":"wp","href":"https:\/\/api.w.org\/{rel}","templated":true}]}}