{"id":29671,"date":"2022-12-14T16:30:19","date_gmt":"2022-12-14T15:30:19","guid":{"rendered":"https:\/\/he6ryawkzg.preview.infomaniak.website\/cnc-bearbeitungen\/fresatura\/"},"modified":"2025-10-24T16:17:10","modified_gmt":"2025-10-24T14:17:10","slug":"frasen","status":"publish","type":"page","link":"https:\/\/linofantin.it\/de\/cnc-bearbeitungen\/frasen\/","title":{"rendered":"Fr\u00e4sen"},"content":{"rendered":"<section class=\"wpb-content-wrapper\"><p>[vc_row el_class=&#8221;copertina md:flex block items-stretch&#8221;][vc_column width=&#8221;1\/3&#8243;][vc_column_text el_class=&#8221;testo-pagina first&#8221;]<\/p>\n<h3>Fr\u00e4sen<\/h3>\n<p><a href=\"http:\/\/www.linofantin.it\/de\">Home<\/a> \/ <a href=\"https:\/\/he6ryawkzg.preview.infomaniak.website\/de\/cnc-bearbeitungen\/\">CNC-bearbeitungen<\/a> \/ Fr\u00e4sen<\/p>\n<h1>CNC-Fr\u00e4sen komplexer mechanischer Teile<\/h1>\n<p><strong>Mechanische CNC-Fr\u00e4senbearbeitungen <\/strong><br \/>\nDie CNC-Fr\u00e4senbearbeitungen werden auf modernen Maschinen durchgef\u00fchrt, die eine ganze breite Palette von Materialien bearbeiten k\u00f6nnen, darunter Stahl, Gusseisen, Aluminium, Kupfer und Titan.<br \/>\n<a class=\"prev\" href=\"#colophon\">Fordern Sie einen Voranschlag an<\/a>[\/vc_column_text][\/vc_column][vc_column width=&#8221;2\/3&#8243; css=&#8221;.vc_custom_1761315426480{background-image: url(https:\/\/linofantin.it\/wp-content\/uploads\/2023\/09\/fresatura.jpg?id=29380) !important;background-position: center !important;background-repeat: no-repeat !important;background-size: cover !important;}&#8221; el_class=&#8221;img&#8221;][\/vc_column][\/vc_row][vc_row][vc_column][vc_column_text el_class=&#8221;testo-pagina maxwidth&#8221;]Dank des Einsatzes modernster Technologien und der Pr\u00e4senz hochqualifizierter Techniker verf\u00fcgt unser Unternehmen \u00fcber langj\u00e4hrige Erfahrung im Fr\u00e4sbereich.<\/p>\n<p>Die Fr\u00e4sabteilung des Unternehmens verf\u00fcgt \u00fcber Maschinen, die es erm\u00f6glichen, Teile unterschiedlicher Gr\u00f6\u00dfe zu bearbeiten und ma\u00dfgeschneiderte L\u00f6sungen f\u00fcr jeden Kundenbedarf bereitzustellen.<\/p>\n<p>Z\u00f6gern Sie nicht, uns f\u00fcr weitere Informationen oder ein individuelles Voranschlag zu kontaktieren.<\/p>\n<p><a class=\"prev\" href=\"#colophon\">Fordern Sie einen Voranschlag an<\/a>[\/vc_column_text][\/vc_column][\/vc_row][vc_row][vc_column][vc_single_image image=&#8221;29781&#8243; img_size=&#8221;full&#8221; el_class=&#8221;img-max&#8221;][\/vc_column][\/vc_row]<\/p>\n<\/section>","protected":false},"excerpt":{"rendered":"<p>[vc_row el_class=&#8221;copertina md:flex block items-stretch&#8221;][vc_column width=&#8221;1\/3&#8243;][vc_column_text el_class=&#8221;testo-pagina first&#8221;] Fr\u00e4sen Home \/ CNC-bearbeitungen \/ Fr\u00e4sen CNC-Fr\u00e4sen komplexer mechanischer Teile Mechanische CNC-Fr\u00e4senbearbeitungen Die CNC-Fr\u00e4senbearbeitungen werden auf modernen Maschinen durchgef\u00fchrt, die eine ganze breite Palette von Materialien bearbeiten k\u00f6nnen, darunter Stahl, Gusseisen, Aluminium, Kupfer und Titan. Fordern Sie einen Voranschlag an[\/vc_column_text][\/vc_column][vc_column width=&#8221;2\/3&#8243; css=&#8221;.vc_custom_1761315426480{background-image: url(https:\/\/linofantin.it\/wp-content\/uploads\/2023\/09\/fresatura.jpg?id=29380) !important;background-position: center !important;background-repeat: no-repeat [&hellip;]<\/p>\n","protected":false},"author":1,"featured_media":0,"parent":29660,"menu_order":0,"comment_status":"closed","ping_status":"closed","template":"","meta":{"_acf_changed":false,"om_disable_all_campaigns":false,"inline_featured_image":false,"_monsterinsights_skip_tracking":false,"_monsterinsights_sitenote_active":false,"_monsterinsights_sitenote_note":"","_monsterinsights_sitenote_category":0,"_uf_show_specific_survey":0,"_uf_disable_surveys":false,"footnotes":""},"class_list":["post-29671","page","type-page","status-publish","hentry"],"acf":[],"aioseo_notices":[],"_links":{"self":[{"href":"https:\/\/linofantin.it\/de\/wp-json\/wp\/v2\/pages\/29671","targetHints":{"allow":["GET"]}}],"collection":[{"href":"https:\/\/linofantin.it\/de\/wp-json\/wp\/v2\/pages"}],"about":[{"href":"https:\/\/linofantin.it\/de\/wp-json\/wp\/v2\/types\/page"}],"author":[{"embeddable":true,"href":"https:\/\/linofantin.it\/de\/wp-json\/wp\/v2\/users\/1"}],"replies":[{"embeddable":true,"href":"https:\/\/linofantin.it\/de\/wp-json\/wp\/v2\/comments?post=29671"}],"version-history":[{"count":5,"href":"https:\/\/linofantin.it\/de\/wp-json\/wp\/v2\/pages\/29671\/revisions"}],"predecessor-version":[{"id":29890,"href":"https:\/\/linofantin.it\/de\/wp-json\/wp\/v2\/pages\/29671\/revisions\/29890"}],"up":[{"embeddable":true,"href":"https:\/\/linofantin.it\/de\/wp-json\/wp\/v2\/pages\/29660"}],"wp:attachment":[{"href":"https:\/\/linofantin.it\/de\/wp-json\/wp\/v2\/media?parent=29671"}],"curies":[{"name":"wp","href":"https:\/\/api.w.org\/{rel}","templated":true}]}}