{"id":29660,"date":"2022-12-14T16:00:51","date_gmt":"2022-12-14T15:00:51","guid":{"rendered":"https:\/\/he6ryawkzg.preview.infomaniak.website\/lavorazioni-cnc\/"},"modified":"2023-10-24T15:59:27","modified_gmt":"2023-10-24T13:59:27","slug":"cnc-bearbeitungen","status":"publish","type":"page","link":"https:\/\/linofantin.it\/de\/cnc-bearbeitungen\/","title":{"rendered":"CNC-Bearbeitungen"},"content":{"rendered":"<section class=\"wpb-content-wrapper\"><p>[vc_row el_class=&#8221;copertina md:flex block items-stretch&#8221;][vc_column width=&#8221;1\/3&#8243;][vc_column_text el_class=&#8221;testo-pagina first&#8221;]<\/p>\n<h3>CNC-Bearbeitungen<\/h3>\n<p><a href=\"http:\/\/www.linofantin.it\/en\">Home<\/a> \/ CNC-Bearbeitungen<\/p>\n<h1>Feinmechanische Bearbeitungen<\/h1>\n<p>Wir sind ein Feinmechanik-Unternehmen mit 60 Jahren Erfahrung in der Branche, das sich auf die Durchf\u00fchrung mechanischer Bearbeitungen auf Rechnung Dritter spezialisiert hat. Wir unterst\u00fctzen den Kunden in den Entwurfsphasen, um anschlie\u00dfend einen effizienten Produktionsprozess unter Einhaltung von Qualit\u00e4t und Lieferzeiten zu gew\u00e4hrleisten.<br \/>\n<a class=\"prev\" href=\"#colophon\">Fordern Sie einen Voranschlag an<\/a><\/p>\n<p>[\/vc_column_text][\/vc_column][vc_column width=&#8221;2\/3&#8243; css=&#8221;.vc_custom_1694595639557{background-image: url(https:\/\/he6ryawkzg.preview.infomaniak.website\/wp-content\/uploads\/2023\/09\/open-cnc.jpg?id=29195) !important;background-position: center !important;background-repeat: no-repeat !important;background-size: cover !important;}&#8221; el_class=&#8221;img&#8221;][\/vc_column][\/vc_row][vc_row][vc_column][vc_column_text el_class=&#8221;testo-pagina maxwidth&#8221;]Der Schwerpunkt unserer T\u00e4tigkeit liegt auf den mechanischen CNC-Bearbeitungen mit modernen Maschinen, die es uns erm\u00f6glicht, Bauteile mit einem hohen Pr\u00e4zisions- und Qualit\u00e4tsniveau herzustellen. Dank der im Laufe der Jahre gesammelten Erfahrung sind wir in der Lage, vielf\u00e4ltige Arten von Bearbeitungsprozessen mit einer breiten Palette von Materialien durchzuf\u00fchren.<\/p>\n<p>Dank unserer integrierten Fr\u00e4s- und Drehabteilungen bieten wir unseren Kunden komplette mechanische Bearbeitungen f\u00fcr verschiedene Industriezweige, wie Werkzeugmaschinen-, Verpackungs-, Automatisierungs- und Anlagenhersteller. Wir sind in der Lage, Bearbeitungsprozesse einschlie\u00dflich W\u00e4rme- und Oberfl\u00e4chenbehandlungen zu verwalten und ein ausgezeichnetes Endprodukt zu garantieren, das durch unsere Qualit\u00e4tskontrolle zertifiziert wird.[\/vc_column_text][\/vc_column][\/vc_row][vc_row el_class=&#8221;row-pagina flex md:block flex-col&#8221;][vc_column width=&#8221;1\/2&#8243;][vc_single_image image=&#8221;29194&#8243; img_size=&#8221;full&#8221;][\/vc_column][vc_column width=&#8221;1\/2&#8243; el_class=&#8221;order-1 flex&#8221;][vc_column_text el_class=&#8221;testo-pagina&#8221;]<\/p>\n<h3>Wir bieten einen umfassenden Service<\/h3>\n<p>Wir bieten einen vertikalen Arbeitungsprozess, der das Kundenunternehmen von der Entwurfsphase bis zum Endergebnis unterst\u00fctzen kann. Mit uns zusammenzuarbeiten bedeutet, einen zuverl\u00e4ssigen und kompetenten Partner zu haben, der stets bereit ist, die Bed\u00fcrfnisse seiner Kunden zu befriedigen. Wir sind ein modern strukturiertes Unternehmen, mit einem technologisch fortschrittlichen Maschinenpark und einem zertifizierten Qualit\u00e4tsmanagementsystem. Auf diese Weise k\u00f6nnen wir unseren Kunden die f\u00fcr ein Kleinunternehmen typische Flexibilit\u00e4t und Dynamik bieten, ohne auf die strukturierte Organisation und die Garantie f\u00fcr die Qualit\u00e4t des gelieferten Produkts zu verzichten.[\/vc_column_text][\/vc_column][\/vc_row][vc_row el_class=&#8221;row-pagina md:flex items-stretch&#8221;][vc_column width=&#8221;1\/3&#8243;][vc_single_image image=&#8221;29132&#8243; img_size=&#8221;full&#8221; el_class=&#8221;img-pagine&#8221;][vc_column_text el_class=&#8221;testo-pagina a-pagine&#8221;]<\/p>\n<h3>Drehen<\/h3>\n<p>Dank des Einsatzes von CNC-Drehmaschinen und manuellen Drehmaschinen in Kombination mit einem \u00e4u\u00dferst erfahrenen Personal f\u00fchren wir Drehbearbeitungen unterschiedlicher Dimensionen und Komplexit\u00e4t durch, wobei wir stets die Erzielung der Endproduktsqualit\u00e4t und die Einhaltung der Lieferzeiten als unser oberstes Ziel betrachten.<\/p>\n<p><a href=\"\/de\/CNC-Bearbeitungen\/Drehen\/\">DREHEN<\/a>[\/vc_column_text][\/vc_column][vc_column width=&#8221;1\/3&#8243;][vc_single_image image=&#8221;29131&#8243; img_size=&#8221;full&#8221; el_class=&#8221;img-pagine&#8221;][vc_column_text el_class=&#8221;testo-pagina a-pagine&#8221;]<\/p>\n<h3>Fr\u00e4sen<\/h3>\n<p>Unser hochtechnologischer Maschinenpark &#8211; in Kombination mit st\u00e4ndig aktualisiertem Personal &#8211; erm\u00f6glicht es uns, hochkomplexe und pr\u00e4zise Details auszuf\u00fchren.<\/p>\n<p><a href=\"\/de\/CNC-Bearbeitungen\/frasen\">FR\u00c4SEN<\/a><\/p>\n<p>[\/vc_column_text][\/vc_column][vc_column width=&#8221;1\/3&#8243;][vc_single_image image=&#8221;29772&#8243; img_size=&#8221;full&#8221; el_class=&#8221;img-pagine&#8221;][vc_column_text el_class=&#8221;testo-pagina a-pagine&#8221;]<\/p>\n<h3>Ausbohren<\/h3>\n<p>Feinbearbeitungsprozesse werden auf sehr hochpr\u00e4zisen Maschinen durchgef\u00fchrt und die Produktqualit\u00e4t wird durch eine kontinuierliche Synergie zwischen der Produktionsabteilung und der Qualit\u00e4tskontrollabteilung st\u00e4ndig \u00fcberwacht.<\/p>\n<p><a href=\"\/de\/CNC-Bearbeitungen\/Ausbohren\">AUSBOHREN<\/a>[\/vc_column_text][\/vc_column][\/vc_row][vc_row][vc_column][vc_column_text el_class=&#8221;testo-pagina maxwidth&#8221;]Die Unternehmensstrategie von Fantin ist stets auf Innovation und kontinuierliche Modernisierung ausgerichtet. Wir investieren st\u00e4ndig in fortschrittliche Technologien und bilden unsere Mitarbeiter auf, um stets h\u00f6chste Qualit\u00e4t und Pr\u00e4zision zu gew\u00e4hrleisten. Wir sind bereit, die Anforderungen des verarbeitenden Gewerbes zu befriedigen: stellen Sie uns auf die Probe![\/vc_column_text][\/vc_column][\/vc_row]<\/p>\n<\/section>","protected":false},"excerpt":{"rendered":"<p>[vc_row el_class=&#8221;copertina md:flex block items-stretch&#8221;][vc_column width=&#8221;1\/3&#8243;][vc_column_text el_class=&#8221;testo-pagina first&#8221;] CNC-Bearbeitungen Home \/ CNC-Bearbeitungen Feinmechanische Bearbeitungen Wir sind ein Feinmechanik-Unternehmen mit 60 Jahren Erfahrung in der Branche, das sich auf die Durchf\u00fchrung mechanischer Bearbeitungen auf Rechnung Dritter spezialisiert hat. Wir unterst\u00fctzen den Kunden in den Entwurfsphasen, um anschlie\u00dfend einen effizienten Produktionsprozess unter Einhaltung von Qualit\u00e4t und Lieferzeiten [&hellip;]<\/p>\n","protected":false},"author":1,"featured_media":0,"parent":0,"menu_order":0,"comment_status":"closed","ping_status":"closed","template":"","meta":{"_acf_changed":false,"om_disable_all_campaigns":false,"inline_featured_image":false,"_monsterinsights_skip_tracking":false,"_monsterinsights_sitenote_active":false,"_monsterinsights_sitenote_note":"","_monsterinsights_sitenote_category":0,"_uf_show_specific_survey":0,"_uf_disable_surveys":false,"footnotes":""},"class_list":["post-29660","page","type-page","status-publish","hentry"],"acf":[],"aioseo_notices":[],"_links":{"self":[{"href":"https:\/\/linofantin.it\/de\/wp-json\/wp\/v2\/pages\/29660","targetHints":{"allow":["GET"]}}],"collection":[{"href":"https:\/\/linofantin.it\/de\/wp-json\/wp\/v2\/pages"}],"about":[{"href":"https:\/\/linofantin.it\/de\/wp-json\/wp\/v2\/types\/page"}],"author":[{"embeddable":true,"href":"https:\/\/linofantin.it\/de\/wp-json\/wp\/v2\/users\/1"}],"replies":[{"embeddable":true,"href":"https:\/\/linofantin.it\/de\/wp-json\/wp\/v2\/comments?post=29660"}],"version-history":[{"count":3,"href":"https:\/\/linofantin.it\/de\/wp-json\/wp\/v2\/pages\/29660\/revisions"}],"predecessor-version":[{"id":29789,"href":"https:\/\/linofantin.it\/de\/wp-json\/wp\/v2\/pages\/29660\/revisions\/29789"}],"wp:attachment":[{"href":"https:\/\/linofantin.it\/de\/wp-json\/wp\/v2\/media?parent=29660"}],"curies":[{"name":"wp","href":"https:\/\/api.w.org\/{rel}","templated":true}]}}