{"id":29658,"date":"2022-12-14T16:23:58","date_gmt":"2022-12-14T15:23:58","guid":{"rendered":"https:\/\/he6ryawkzg.preview.infomaniak.website\/tornitura\/"},"modified":"2023-10-17T16:50:07","modified_gmt":"2023-10-17T14:50:07","slug":"drehen","status":"publish","type":"page","link":"https:\/\/linofantin.it\/de\/cnc-bearbeitungen\/drehen\/","title":{"rendered":"Drehen"},"content":{"rendered":"<section class=\"wpb-content-wrapper\"><p>[vc_row el_class=&#8221;copertina md:flex block items-stretch&#8221;][vc_column width=&#8221;1\/3&#8243;][vc_column_text el_class=&#8221;testo-pagina first&#8221;]<\/p>\n<h3>Drehen<\/h3>\n<p><a href=\"http:\/\/www.linofantin.it\/\">Home<\/a> \/ <a href=\"\/de\/cnc-bearbeitungen\/\">CNC-bearbeitungen<\/a> \/ Drehen<\/p>\n<h1>Mechanisches Drehen: feinmechanische CNC-Bearbeitung<\/h1>\n<p><strong>Wir f\u00fchren CNC-Drehbearbeitungen f\u00fcr Rechnung Drittunternehmen durch.<\/strong><br \/>\nFantin Lino s.r.l. ist eine Firma mit \u00fcber 60 Jahren Erfahrung, das sich auf feinmechanisches CNC-Drehen und manuelles Drehen spezialisiert ist.<br \/>\n<a class=\"prev\" href=\"#colophon\">Fordern Sie einen Voranschlag an<\/a>[\/vc_column_text][\/vc_column][vc_column width=&#8221;2\/3&#8243; css=&#8221;.vc_custom_1694601162314{background-image: url(https:\/\/he6ryawkzg.preview.infomaniak.website\/wp-content\/uploads\/2023\/09\/tornitura.jpg?id=29132) !important;background-position: center !important;background-repeat: no-repeat !important;background-size: cover !important;}&#8221; el_class=&#8221;img&#8221;][\/vc_column][\/vc_row][vc_row][vc_column][vc_column_text el_class=&#8221;testo-pagina maxwidth&#8221;]Das Unternehmen verf\u00fcgt \u00fcber einen Maschinenpark, der die Bearbeitung von Einzelst\u00fccken bis zu Produktionschargen erm\u00f6glicht. Zur Drehabteilung geh\u00f6rt auch eine Multi-Task-Maschine, die es erm\u00f6glichen, Drehen- Fr\u00e4sen- und Bohrungsprozesse am selben Standort durchzuf\u00fchren.<\/p>\n<p>Die Konzentration aller Bearbeitungsprozesse auf einer einzigen Maschine bringt offensichtliche Vorteile bei den R\u00fcstzeiten und bei der Erzielung der endg\u00fcltigen Pr\u00e4zision der Teile.[\/vc_column_text][\/vc_column][\/vc_row][vc_row el_class=&#8221;row-pagina flex md:block flex-col&#8221;][vc_column width=&#8221;1\/2&#8243;][vc_single_image image=&#8221;29201&#8243; img_size=&#8221;full&#8221;][\/vc_column][vc_column width=&#8221;1\/2&#8243; el_class=&#8221;order-1 flex&#8221;][vc_column_text el_class=&#8221;testo-pagina&#8221;]Die Drehabteilung des Unternehmens verf\u00fcgt \u00fcber Maschinen, die es erm\u00f6glichen, Teile unterschiedlicher Gr\u00f6\u00dfe zu bearbeiten.<\/p>\n<p>Auf numerisch gesteuerten Drehmaschinen k\u00f6nnen Teile bis zu einem Durchmesser von 500 mm f\u00fcr eine maximale L\u00e4nge von 1500 mm hergestellt werden.<\/p>\n<p>Auf manuellen Maschinen k\u00f6nnen Teile mit einem maximalen Durchmesser von 800 mm f\u00fcr eine L\u00e4nge von 3000 mm bearbeitet werden.<\/p>\n<p><a class=\"prev\" href=\"#colophon\">Fordern Sie einen Voranschlag an<\/a>[\/vc_column_text][\/vc_column][\/vc_row][vc_row el_class=&#8221;row-pagina flex md:block flex-col&#8221;][vc_column width=&#8221;1\/2&#8243; el_class=&#8221;order-1 flex&#8221;][vc_column_text el_class=&#8221;testo-pagina&#8221;]Im Laufe der Jahre haben wir mechanische Drehbearbeitungen auf Rechnung Dritter in verschiedenen Anwendungsbereichen, auch f\u00fcr internationale Unternehmen, durchgef\u00fchrt. Wir sind in der Lage, Kundenunternehmen bereits in der Entwurfs- und Planungsphase zu unterst\u00fctzen, indem wir die Anfragen zuh\u00f6ren und die am besten geeignete L\u00f6sung pr\u00fcfen, wobei wir stets die absolute Vertraulichkeit der Informationen bewahren.<\/p>\n<p>Bei feinmechanischen CNC-Drehbearbeitungen k\u00f6nnen Sie sich auf uns verlassen. Gerne arbeitet unser Expertenteam mit Ihnen zusammen, um Ihre Anforderungen zu befriedigen und die Produktion hochwertiger Teile sicherzustellen.\u201c<\/p>\n<p><a class=\"prev\" href=\"#colophon\">Fordern Sie einen Voranschlag an<\/a>[\/vc_column_text][\/vc_column][vc_column width=&#8221;1\/2&#8243;][vc_single_image image=&#8221;29200&#8243; img_size=&#8221;full&#8221;][\/vc_column][\/vc_row]<\/p>\n<\/section>","protected":false},"excerpt":{"rendered":"<p>[vc_row el_class=&#8221;copertina md:flex block items-stretch&#8221;][vc_column width=&#8221;1\/3&#8243;][vc_column_text el_class=&#8221;testo-pagina first&#8221;] Drehen Home \/ CNC-bearbeitungen \/ Drehen Mechanisches Drehen: feinmechanische CNC-Bearbeitung Wir f\u00fchren CNC-Drehbearbeitungen f\u00fcr Rechnung Drittunternehmen durch. Fantin Lino s.r.l. ist eine Firma mit \u00fcber 60 Jahren Erfahrung, das sich auf feinmechanisches CNC-Drehen und manuelles Drehen spezialisiert ist. Fordern Sie einen Voranschlag an[\/vc_column_text][\/vc_column][vc_column width=&#8221;2\/3&#8243; css=&#8221;.vc_custom_1694601162314{background-image: url(https:\/\/he6ryawkzg.preview.infomaniak.website\/wp-content\/uploads\/2023\/09\/tornitura.jpg?id=29132) !important;background-position: [&hellip;]<\/p>\n","protected":false},"author":1,"featured_media":0,"parent":29660,"menu_order":0,"comment_status":"closed","ping_status":"closed","template":"","meta":{"_acf_changed":false,"om_disable_all_campaigns":false,"inline_featured_image":false,"_monsterinsights_skip_tracking":false,"_monsterinsights_sitenote_active":false,"_monsterinsights_sitenote_note":"","_monsterinsights_sitenote_category":0,"_uf_show_specific_survey":0,"_uf_disable_surveys":false,"footnotes":""},"class_list":["post-29658","page","type-page","status-publish","hentry"],"acf":[],"aioseo_notices":[],"_links":{"self":[{"href":"https:\/\/linofantin.it\/de\/wp-json\/wp\/v2\/pages\/29658","targetHints":{"allow":["GET"]}}],"collection":[{"href":"https:\/\/linofantin.it\/de\/wp-json\/wp\/v2\/pages"}],"about":[{"href":"https:\/\/linofantin.it\/de\/wp-json\/wp\/v2\/types\/page"}],"author":[{"embeddable":true,"href":"https:\/\/linofantin.it\/de\/wp-json\/wp\/v2\/users\/1"}],"replies":[{"embeddable":true,"href":"https:\/\/linofantin.it\/de\/wp-json\/wp\/v2\/comments?post=29658"}],"version-history":[{"count":3,"href":"https:\/\/linofantin.it\/de\/wp-json\/wp\/v2\/pages\/29658\/revisions"}],"predecessor-version":[{"id":29665,"href":"https:\/\/linofantin.it\/de\/wp-json\/wp\/v2\/pages\/29658\/revisions\/29665"}],"up":[{"embeddable":true,"href":"https:\/\/linofantin.it\/de\/wp-json\/wp\/v2\/pages\/29660"}],"wp:attachment":[{"href":"https:\/\/linofantin.it\/de\/wp-json\/wp\/v2\/media?parent=29658"}],"curies":[{"name":"wp","href":"https:\/\/api.w.org\/{rel}","templated":true}]}}