{"id":29632,"date":"2017-02-16T09:13:19","date_gmt":"2017-02-16T08:13:19","guid":{"rendered":"https:\/\/he6ryawkzg.preview.infomaniak.website\/home\/"},"modified":"2023-10-24T15:56:37","modified_gmt":"2023-10-24T13:56:37","slug":"home","status":"publish","type":"page","link":"https:\/\/linofantin.it\/de\/","title":{"rendered":"HOME"},"content":{"rendered":"<section class=\"wpb-content-wrapper\"><p>[vc_row el_class=&#8221;copertina&#8221; css=&#8221;.vc_custom_1671009910287{background-color: #0a0a0a !important;}&#8221;][vc_column width=&#8221;1\/3&#8243;][vc_column_text]<\/p>\n<h1>Seit \u00fcber 60 Jahren sind wir Ihr Partner f\u00fcr feinmechanische Bearbeitungen<\/h1>\n<p>Pr\u00e4zisionsbearbeitung im Auftrag von Dritten: Drehen, Fr\u00e4sen, Bohren und mehr.<br \/>\n<a href=\"#colophon\">Fordern Sie einen Voranschlag an<\/a>[\/vc_column_text][vc_column_text el_class=&#8221;scorri&#8221;]<a href=\"#first\"><span class=\"material-symbols-outlined\">expand_more<\/span>Mehr herausfinden<\/a>[\/vc_column_text][\/vc_column][vc_column width=&#8221;2\/3&#8243;][vc_raw_html]JTNDdmlkZW8lMjBwbGF5c2lubGluZSUyMG11dGVkJTIwbG9vcCUyMGF1dG9wbGF5JTNFJTBBJTNDc291cmNlJTIwc3JjJTNEJTIyJTJGd3AtY29udGVudCUyRnVwbG9hZHMlMkYyMDIzJTJGMDklMkZvcGVuLWhvbWUubXA0JTIyJTIwJTIwdHlwZSUzRCUyMnZpZGVvJTJGbXA0JTIyJTNFJTBBJTNDJTJGdmlkZW8lM0U=[\/vc_raw_html][\/vc_column][\/vc_row][vc_row el_class=&#8221;row-pagina maxwidth&#8221; el_id=&#8221;first&#8221;][vc_column][vc_column_text el_id=&#8221;testo-pagina&#8221; el_class=&#8221;testo-pagina&#8221;]<\/p>\n<h3>Eine Feinmechanik-Unternehmen in Venedig<\/h3>\n<p>Fantin Lino s.r.l. ist eine feinmechanische Bearbeitungswerkstatt mit 60 Jahren Erfahrung. Im Laufe der Jahre hat sich das Unternehmen auf das Drehen, Fr\u00e4sen und Ausbohren kleiner und mittlerer Serien spezialisiert. Heute ist es eine modern strukturierte Realit\u00e4t, die den Kunden in allen Phasen des Produktionsprozesses unterst\u00fctzen kann.<br \/>\n<a href=\"#colophon\">Erz\u00e4hlen Sie uns von Ihrem Projekt<\/a>[\/vc_column_text][\/vc_column][\/vc_row][vc_row el_class=&#8221;row-pagina gray flex items-stretch&#8221;][vc_column width=&#8221;1\/2&#8243; css=&#8221;.vc_custom_1694097133351{background-image: url(https:\/\/he6ryawkzg.preview.infomaniak.website\/wp-content\/uploads\/2023\/09\/parco-macchine.jpg?id=29127) !important;background-position: center !important;background-repeat: no-repeat !important;background-size: cover !important;}&#8221; el_class=&#8221;img&#8221;][\/vc_column][vc_column width=&#8221;1\/2&#8243; el_class=&#8221;flex items-center&#8221;][vc_column_text el_class=&#8221;testo-pagina black w-5\/6&#8243;]Unser technologisch hochentwickelter Maschinenpark erm\u00f6glicht uns die flexible und schnelle Bearbeitung kleiner Losgr\u00f6\u00dfen zu Einzelst\u00fccken durchzuf\u00fchren und bietet die typischen Vorteile eines Kleinunternehmens wie z.B. Dynamik und Anpassungsf\u00e4higkeit an Kundenbed\u00fcrfnisse, wobei gleichzeitig eine strukturierte Organisation und die Endproduktqualit\u00e4t gew\u00e4hrleistet sind. Das macht uns zum idealen Partner f\u00fcr das Verarbeitende Gewerbe.<br \/>\n<a href=\"\/de\/Maschinenpark\/\">Maschinenpark<\/a>[\/vc_column_text][\/vc_column][\/vc_row][vc_row el_class=&#8221;row-pagina maxwidth&#8221;][vc_column][vc_column_text]Unsere Unternehmensstrategie zielt darauf ab, die Bearbeitung von kleinen Losgr\u00f6\u00dfen komplexer Teile mit hoher Pr\u00e4zision immer weiter auszubauen, so dass wir zu \u201eFree-Pass\u201c- Lieferanten vieler bedeutender Werkzeugmaschinenhersteller geworden sind.<\/p>\n<p>Unsere Erfahrung und unser Fachwissen erm\u00f6glichen es uns, feinmechanische Bearbeitungsdienstleistungen auf Rechnung Dritter f\u00fcr eine Vielzahl von Industriezweigen anzubieten, darunter Verpackung, Automatisierung und Anlagen. Wir sind in der Lage, mit einer breiten Palette von Materialien zu bearbeiten und k\u00f6nnen ma\u00dfgeschneiderte L\u00f6sungen anbieten, um den spezifischen Anforderungen unserer Kunden zufrieden zu stellen.[\/vc_column_text][\/vc_column][\/vc_row][vc_row el_class=&#8221;row-pagina gray flex items-stretch&#8221;][vc_column width=&#8221;1\/2&#8243; el_class=&#8221;flex items-center&#8221;][vc_column_text el_class=&#8221;testo-pagina black azienda&#8221;]Unsere Unternehmen verf\u00fcgt \u00fcber ein technisches B\u00fcro, das mit CAD\/CAM-Arbeitspl\u00e4tzen ausgestattet ist, an denen Teileprogramme f\u00fcr CNC-Werkzeugmaschinen entwickelt werden, die alle mit dem Netz verbunden sind. Die mechanischen Bearbeitungsprozesse werden modernen numerisch gesteuerten Maschinen anvertraut, von denen einige sehr hochpr\u00e4zise sind und in Umgebungen mit st\u00e4ndig kontrollierter Temperatur und Luftfeuchtigkeit installiert sind.[\/vc_column_text][\/vc_column][vc_column width=&#8221;1\/2&#8243; css=&#8221;.vc_custom_1694097141127{background-image: url(https:\/\/he6ryawkzg.preview.infomaniak.website\/wp-content\/uploads\/2023\/09\/CAD.jpg?id=29141) !important;background-position: center !important;background-repeat: no-repeat !important;background-size: cover !important;}&#8221; el_class=&#8221;img&#8221;][\/vc_column][\/vc_row][vc_row el_class=&#8221;row-pagina maxwidth&#8221;][vc_column width=&#8221;1\/2&#8243;][vc_column_text el_class=&#8221;testo-pagina black&#8221;]Unsere Anwendungsbereiche:<br \/>\n\u2022 Werkzeugmaschinen<br \/>\n\u2022 Verpackung<br \/>\n\u2022 Anlagen<br \/>\n\u2022 Automationen[\/vc_column_text][\/vc_column][vc_column width=&#8221;1\/2&#8243;][vc_column_text el_class=&#8221;testo-pagina black lav&#8221;]<a href=\"\/de\/CNC-Bearbeitungen\/\">CNC-Bearbeitungen<\/a>[\/vc_column_text][\/vc_column][\/vc_row][vc_row el_class=&#8221;row-lavorazioni&#8221;][vc_column][vc_column_text el_class=&#8221;tit-lavorazioni&#8221;]<\/p>\n<h2 style=\"text-align: center;\">Unsere Bearbeitungen<\/h2>\n<p>[\/vc_column_text][vc_row_inner el_class=&#8221;lavorazione&#8221;][vc_column_inner width=&#8221;1\/3&#8243;][vc_single_image image=&#8221;29132&#8243; img_size=&#8221;full&#8221;][vc_column_text el_class=&#8221;a-lavorazione&#8221;]<a href=\"\/de\/DREHEN\/\">DREHEN <span class=\"material-symbols-outlined\">chevron_right<\/span><\/a>[\/vc_column_text][\/vc_column_inner][vc_column_inner width=&#8221;1\/3&#8243;][vc_single_image image=&#8221;29131&#8243; img_size=&#8221;full&#8221;][vc_column_text el_class=&#8221;a-lavorazione&#8221;]<a href=\"\/de\/frasen\/\">FR\u00c4SEN <span class=\"material-symbols-outlined\">chevron_right<\/span><\/a>[\/vc_column_text][\/vc_column_inner][vc_column_inner width=&#8221;1\/3&#8243;][vc_single_image image=&#8221;29772&#8243; img_size=&#8221;full&#8221;][vc_column_text el_class=&#8221;a-lavorazione&#8221;]<a href=\"\/de\/AUSBOHREN\/\">AUSBOHREN <span class=\"material-symbols-outlined\">chevron_right<\/span><\/a>[\/vc_column_text][\/vc_column_inner][\/vc_row_inner][\/vc_column][\/vc_row][vc_row el_class=&#8221;row-pagina maxwidth&#8221;][vc_column][vc_column_text]Wir sind stets auf der Suche nach neuen M\u00f6glichkeiten und Herausforderungen und sind bereit, mit Unternehmen jeder Gr\u00f6\u00dfe zusammenzuarbeiten, um sie beim Erreichen ihrer Ziele zu unterst\u00fctzen. Produktqualit\u00e4t, p\u00fcnktliche Lieferung und Kundenzufriedenheit sind unsere Hauptziele.<\/p>\n<p>Wenn Sie auf der Suche nach einer Feinmechanik-Werkstatt sind, die einen umfassenden Service mit hochwertiger Bearbeitungen und wettbewerbsf\u00e4higen Preisen bietet, dann sind wir hier, um dir zu helfen. Kontaktieren Sie uns, um mehr dar\u00fcber zu erfahren, wie wir Ihre Produktionsanforderungen unterst\u00fctzen k\u00f6nnen.[\/vc_column_text][\/vc_column][\/vc_row]<\/p>\n<\/section>","protected":false},"excerpt":{"rendered":"<p>[vc_row el_class=&#8221;copertina&#8221; css=&#8221;.vc_custom_1671009910287{background-color: #0a0a0a !important;}&#8221;][vc_column width=&#8221;1\/3&#8243;][vc_column_text] Seit \u00fcber 60 Jahren sind wir Ihr Partner f\u00fcr feinmechanische Bearbeitungen Pr\u00e4zisionsbearbeitung im Auftrag von Dritten: Drehen, Fr\u00e4sen, Bohren und mehr. Fordern Sie einen Voranschlag an[\/vc_column_text][vc_column_text el_class=&#8221;scorri&#8221;]expand_moreMehr herausfinden[\/vc_column_text][\/vc_column][vc_column width=&#8221;2\/3&#8243;][vc_raw_html]JTNDdmlkZW8lMjBwbGF5c2lubGluZSUyMG11dGVkJTIwbG9vcCUyMGF1dG9wbGF5JTNFJTBBJTNDc291cmNlJTIwc3JjJTNEJTIyJTJGd3AtY29udGVudCUyRnVwbG9hZHMlMkYyMDIzJTJGMDklMkZvcGVuLWhvbWUubXA0JTIyJTIwJTIwdHlwZSUzRCUyMnZpZGVvJTJGbXA0JTIyJTNFJTBBJTNDJTJGdmlkZW8lM0U=[\/vc_raw_html][\/vc_column][\/vc_row][vc_row el_class=&#8221;row-pagina maxwidth&#8221; el_id=&#8221;first&#8221;][vc_column][vc_column_text el_id=&#8221;testo-pagina&#8221; el_class=&#8221;testo-pagina&#8221;] Eine Feinmechanik-Unternehmen in Venedig Fantin Lino s.r.l. ist eine feinmechanische Bearbeitungswerkstatt mit 60 Jahren Erfahrung. [&hellip;]<\/p>\n","protected":false},"author":1,"featured_media":0,"parent":0,"menu_order":0,"comment_status":"closed","ping_status":"closed","template":"","meta":{"_acf_changed":false,"om_disable_all_campaigns":false,"inline_featured_image":false,"_monsterinsights_skip_tracking":false,"_monsterinsights_sitenote_active":false,"_monsterinsights_sitenote_note":"","_monsterinsights_sitenote_category":0,"_uf_show_specific_survey":0,"_uf_disable_surveys":false,"footnotes":""},"class_list":["post-29632","page","type-page","status-publish","hentry"],"acf":[],"aioseo_notices":[],"_links":{"self":[{"href":"https:\/\/linofantin.it\/de\/wp-json\/wp\/v2\/pages\/29632","targetHints":{"allow":["GET"]}}],"collection":[{"href":"https:\/\/linofantin.it\/de\/wp-json\/wp\/v2\/pages"}],"about":[{"href":"https:\/\/linofantin.it\/de\/wp-json\/wp\/v2\/types\/page"}],"author":[{"embeddable":true,"href":"https:\/\/linofantin.it\/de\/wp-json\/wp\/v2\/users\/1"}],"replies":[{"embeddable":true,"href":"https:\/\/linofantin.it\/de\/wp-json\/wp\/v2\/comments?post=29632"}],"version-history":[{"count":3,"href":"https:\/\/linofantin.it\/de\/wp-json\/wp\/v2\/pages\/29632\/revisions"}],"predecessor-version":[{"id":29786,"href":"https:\/\/linofantin.it\/de\/wp-json\/wp\/v2\/pages\/29632\/revisions\/29786"}],"wp:attachment":[{"href":"https:\/\/linofantin.it\/de\/wp-json\/wp\/v2\/media?parent=29632"}],"curies":[{"name":"wp","href":"https:\/\/api.w.org\/{rel}","templated":true}]}}